{"id":13,"date":"2016-11-07T17:54:10","date_gmt":"2016-11-07T16:54:10","guid":{"rendered":"http:\/\/wyszkowskaatlantyda.mazowsze.pl\/?page_id=13"},"modified":"2019-09-20T22:35:44","modified_gmt":"2019-09-20T20:35:44","slug":"druga-strona","status":"publish","type":"page","link":"https:\/\/wyszkowskaatlantyda.mazowsze.pl\/index.php\/druga-strona\/","title":{"rendered":"O nas"},"content":{"rendered":"\r\n<blockquote class=\"wp-block-quote is-layout-flow wp-block-quote-is-layout-flow\" style=\"text-align: center;\">\r\n<p>Jeste\u015bmy grup\u0105 pasjonat\u00f3w historii Wyszkowa i okolic wyst\u0119puj\u0105cych pod nazw\u0105 Pracownia Bada\u0144 Historycznych Wyszkowa <strong>\u201e<\/strong>Wyszkowska Atlantyda<strong>\u201d<\/strong>. Naszym celem jest pozyskiwanie i publikowanie materia\u0142\u00f3w wa\u017cnych dla to\u017csamo\u015bci miasta i jego mieszka\u0144c\u00f3w. Wszystkich pragn\u0105cych nas wesprze\u0107 w jakikolwiek spos\u00f3b, cho\u0107by sprostowaniem publikowanych przez nas informacji, prosimy o kontakt i aktywno\u015b\u0107.<\/p>\r\n<\/blockquote>\r\n\r\n<p>&nbsp;<\/p>\r\n<p><b>Nasi autorzy<\/b><\/p>\r\n\n<table id=\"tablepress-1\" class=\"tablepress tablepress-id-1\">\n<tbody class=\"row-hover\">\n<tr class=\"row-1 odd\">\n\t<td class=\"column-1\"><img loading=\"lazy\" decoding=\"async\" src=\"http:\/\/wyszkowskaatlantyda.mazowsze.pl\/wp-content\/uploads\/2017\/06\/ae-e1568311758882-300x300.jpg\"  width=\"300\" height=\"300\" class=\"size-medium wp-image-760\" srcset=\"https:\/\/wyszkowskaatlantyda.mazowsze.pl\/wp-content\/uploads\/2017\/06\/ae-e1568311758882-300x300.jpg 300w, https:\/\/wyszkowskaatlantyda.mazowsze.pl\/wp-content\/uploads\/2017\/06\/ae-e1568311758882-150x150.jpg 150w, https:\/\/wyszkowskaatlantyda.mazowsze.pl\/wp-content\/uploads\/2017\/06\/ae-e1568311758882.jpg 349w\" sizes=\"(max-width: 300px) 100vw, 300px\" \/><\/td><td class=\"column-2\"><p align=justify><b>Andrzej Eychler <\/b>(ur. 1938 r. w Wyszkowie, zm. 2017 w Wo\u0142ominie) \u2013 lekarz anestezjolog, pracowa\u0142 w Wyszkowie i Wo\u0142ominie. Dzia\u0142acz opozycyjny w Komitecie Obywatelskim \"Solidarno\u015b\u0107\". Pochodzi\u0142 z rodziny o du\u017cych zas\u0142ugach dla Wyszkowa, sam by\u0142 bardzo zaanga\u017cowany w sprawy obywatelskie miasta. By\u0142 jednym z inicjator\u00f3w przywr\u00f3cenia w Rybienku Le\u015bnym pomnika \u017co\u0142nierzy zamordowanych przez bolszewick\u0105 czerezwyczajk\u0119 w 1920 r. Prywatnie kocha\u0142 \u017ceglarstwo, by\u0142 cz\u0142onkiem Klubu \u017beglarskiego Spinaker w Wyszkowie.<\/td>\n<\/tr>\n<tr class=\"row-2 even\">\n\t<td class=\"column-1\"><img decoding=\"async\" src=\"http:\/\/wyszkowskaatlantyda.mazowsze.pl\/wp-content\/uploads\/2019\/09\/kosinski_janusz-300x247.jpg\" alt=\"\" width=\"300\" height=\"auto\" class=\"alignnone size-medium wp-image-1833\" srcset=\"https:\/\/wyszkowskaatlantyda.mazowsze.pl\/wp-content\/uploads\/2019\/09\/kosinski_janusz-300x247.jpg 300w, https:\/\/wyszkowskaatlantyda.mazowsze.pl\/wp-content\/uploads\/2019\/09\/kosinski_janusz.jpg 500w\" sizes=\"(max-width: 300px) 100vw, 300px\" \/><\/td><td class=\"column-2\"><p align=justify><b>Janusz W. Kosi\u0144ski<\/b> \u2013 geograf, regionalista, spo\u0142ecznik. Absolwent Wydzia\u0142u Geografii i Studi\u00f3w Regionalnych Uniwersytetu Warszawskiego, absolwent Wy\u017cszej Oficerskiej Szko\u0142y Lotniczej w D\u0119blinie. Autor publikacji dotycz\u0105cych geografii regionalnej (min. geografii Ziemi Wyszkowskiej) i dydaktyki geografii. Cz\u0142onek zarz\u0105du Polskiego Towarzystwa Meteorytowego. Autor kilkudziesi\u0119ciu artyku\u0142\u00f3w dotycz\u0105cych historii meteorytyki w Polsce. <\/td>\n<\/tr>\n<tr class=\"row-3 odd\">\n\t<td class=\"column-1\"><img decoding=\"async\" src=\"http:\/\/wyszkowskaatlantyda.mazowsze.pl\/wp-content\/uploads\/2017\/02\/IMG_4436_m_bw-300x300.jpg\" alt=\"\" width=\"300\" class=\"alignnone size-medium wp-image-816\" srcset=\"https:\/\/wyszkowskaatlantyda.mazowsze.pl\/wp-content\/uploads\/2017\/02\/IMG_4436_m_bw-300x300.jpg 300w, https:\/\/wyszkowskaatlantyda.mazowsze.pl\/wp-content\/uploads\/2017\/02\/IMG_4436_m_bw-150x150.jpg 150w, https:\/\/wyszkowskaatlantyda.mazowsze.pl\/wp-content\/uploads\/2017\/02\/IMG_4436_m_bw.jpg 500w\" sizes=\"(max-width: 300px) 100vw, 300px\" \/><\/td><td class=\"column-2\"><p align=justify><b>Piotr J. Kosi\u0144ski<\/b> \u2013  historyk kolejnictwa i regionalista. Absolwent Instytutu Historii i Stosunk\u00f3w Mi\u0119dzynarodowych Wydzia\u0142u Humanistycznego Uniwersytetu Warmi\u0144sko-Mazurskiego w Olsztynie (2019). Autor publikacji na temat historii przemys\u0142u oraz kolei w Wyszkowie i okolicach. Mi\u0142o\u015bnik starej motoryzacji, p\u0142yt winylowych oraz fotografii.<\/td>\n<\/tr>\n<tr class=\"row-4 even\">\n\t<td class=\"column-1\"><img loading=\"lazy\" decoding=\"async\" src=\"http:\/\/wyszkowskaatlantyda.mazowsze.pl\/wp-content\/uploads\/2017\/05\/IMG_8652aaaabbhhh-300x300.jpg\" alt=\"\" width=\"300\" height=\"300\" class=\"size-medium wp-image-760\" \/><\/td><td class=\"column-2\"><p align=justify><b>Piotr P\u0142ochocki<\/b> \u2013 dziennikarz, spo\u0142ecznik, dzia\u0142acz kulturalny i regionalista. Absolwent Wydzia\u0142u Dziennikarstwa i Nauk Politycznych Uniwersytetu Warszawskiego (2010). Autor <a href=\"http:\/\/wyszkow.zhp.pl\/?cat=5\" target=\"_blank\" rel=\"noopener noreferrer\">licznych artyku\u0142\u00f3w<\/a> na temat historii Wyszkowa i okolic. W 2014 roku ukaza\u0142a si\u0119 jego monografia po\u015bwi\u0119cona historii wyszkowskiego harcerstwa pt. \u201eHarcerze z liceum\u201d. Pasjonat filmu, literatury, architektury, klock\u00f3w Lego oraz historii przedwojennych osiedli letniskowych. Od 2015 roku pracuje nad obszern\u0105 monografi\u0105 Osiedla Letniskowego Rybienko Le\u015bne.<\/td>\n<\/tr>\n<tr class=\"row-5 odd\">\n\t<td class=\"column-1\"><img decoding=\"async\" src=\"http:\/\/wyszkowskaatlantyda.mazowsze.pl\/wp-content\/uploads\/2017\/05\/ES-_-foto-cb.jpg\" width=\"300\" class=\"size-full wp-image-810\" srcset=\"https:\/\/wyszkowskaatlantyda.mazowsze.pl\/wp-content\/uploads\/2017\/05\/ES-_-foto-cb.jpg 952w, https:\/\/wyszkowskaatlantyda.mazowsze.pl\/wp-content\/uploads\/2017\/05\/ES-_-foto-cb-300x296.jpg 300w, https:\/\/wyszkowskaatlantyda.mazowsze.pl\/wp-content\/uploads\/2017\/05\/ES-_-foto-cb-768x758.jpg 768w\" sizes=\"(max-width: 952px) 100vw, 952px\" \/><\/td><td class=\"column-2\"><p align=justify><b>El\u017cbieta Szczuka<\/b> \u2013 spo\u0142ecznik, dziennikarka, regionalistka. Absolwentka Wydzia\u0142u In\u017cynierii L\u0105dowej Politechniki Warszawskiej oraz studi\u00f3w podyplomowych w Szkole Wy\u017cszej im. Paw\u0142a W\u0142odkowica w P\u0142ocku w zakresie matematyki, wychowania muzycznego i wychowania plastycznego. Od 1994 r. zwi\u0105zana z pras\u0105 lokaln\u0105 - najpierw z \u201eWyszkowiakiem\u201d, a od 1998 r. z <a href=\"http:\/\/nowywyszkowiak.pl\/historia-ziemi-wyszkowskiej.html\" target=\"_blank\" rel=\"noopener noreferrer\">\u201eNowym Wyszkowiakiem\u201d<\/a>. W kr\u0119gu jej zainteresowa\u0144 jest m.in. historia Wyszkowa oraz os\u00f3b zwi\u0105zanych z tym miastem. <a href=http:\/\/wyszkowskaatlantyda.mazowsze.pl\/index.php\/elzbieta-szczuka\/>Czytaj wi\u0119cej...<\/a><\/td>\n<\/tr>\n<\/tbody>\n<\/table>\n<!-- #tablepress-1 from cache -->","protected":false},"excerpt":{"rendered":"<p>Jeste\u015bmy grup\u0105 pasjonat\u00f3w historii Wyszkowa i okolic wyst\u0119puj\u0105cych pod nazw\u0105 Pracownia Bada\u0144 Historycznych Wyszkowa \u201eWyszkowska Atlantyda\u201d. Naszym celem jest pozyskiwanie i publikowanie materia\u0142\u00f3w wa\u017cnych dla to\u017csamo\u015bci miasta i jego mieszka\u0144c\u00f3w. Wszystkich pragn\u0105cych nas wesprze\u0107 w jakikolwiek spos\u00f3b, cho\u0107by sprostowaniem publikowanych przez nas informacji, prosimy o kontakt i aktywno\u015b\u0107. &nbsp; Nasi autorzy<\/p>\n","protected":false},"author":1,"featured_media":0,"parent":0,"menu_order":0,"comment_status":"closed","ping_status":"closed","template":"","meta":{"footnotes":""},"_links":{"self":[{"href":"https:\/\/wyszkowskaatlantyda.mazowsze.pl\/index.php\/wp-json\/wp\/v2\/pages\/13"}],"collection":[{"href":"https:\/\/wyszkowskaatlantyda.mazowsze.pl\/index.php\/wp-json\/wp\/v2\/pages"}],"about":[{"href":"https:\/\/wyszkowskaatlantyda.mazowsze.pl\/index.php\/wp-json\/wp\/v2\/types\/page"}],"author":[{"embeddable":true,"href":"https:\/\/wyszkowskaatlantyda.mazowsze.pl\/index.php\/wp-json\/wp\/v2\/users\/1"}],"replies":[{"embeddable":true,"href":"https:\/\/wyszkowskaatlantyda.mazowsze.pl\/index.php\/wp-json\/wp\/v2\/comments?post=13"}],"version-history":[{"count":9,"href":"https:\/\/wyszkowskaatlantyda.mazowsze.pl\/index.php\/wp-json\/wp\/v2\/pages\/13\/revisions"}],"predecessor-version":[{"id":1686,"href":"https:\/\/wyszkowskaatlantyda.mazowsze.pl\/index.php\/wp-json\/wp\/v2\/pages\/13\/revisions\/1686"}],"wp:attachment":[{"href":"https:\/\/wyszkowskaatlantyda.mazowsze.pl\/index.php\/wp-json\/wp\/v2\/media?parent=13"}],"curies":[{"name":"wp","href":"https:\/\/api.w.org\/{rel}","templated":true}]}}