{"id":1555,"date":"2019-09-19T14:15:39","date_gmt":"2019-09-19T12:15:39","guid":{"rendered":"http:\/\/wyszkowskaatlantyda.mazowsze.pl\/?page_id=1555"},"modified":"2019-09-30T10:51:29","modified_gmt":"2019-09-30T08:51:29","slug":"wyszkow-na-starych-mapach","status":"publish","type":"page","link":"https:\/\/wyszkowskaatlantyda.mazowsze.pl\/index.php\/wyszkow-na-starych-mapach\/","title":{"rendered":"Wyszk\u00f3w na starych mapach"},"content":{"rendered":"\n<table id=\"tablepress-3\" class=\"tablepress tablepress-id-3\">\n<tbody class=\"row-hover\">\n<tr class=\"row-1 odd\">\n\t<td class=\"column-1\"><a href=\"http:\/\/wyszkowskaatlantyda.mazowsze.pl\/mapy\/1843_kwatermistrzowska.jpg\" target=\"_blank\" rel=\"noopener\"><img decoding=\"async\" src=\"http:\/\/wyszkowskaatlantyda.mazowsze.pl\/mapy\/1843_kwatermistrzowska_m.jpg\" width=480 height=auto><\/a><\/td><td class=\"column-2\">Tytu\u0142: Topograficzna Karta Kr\u00f3lestwa Polskiego (Mapa Kwatermistrzostwa)<br \/>\nArkusz: Kol. V Sek. IV (W\u0119gr\u00f3w - Siedlce)<br \/>\nSkala: 1:126 000<br \/>\nData kartowania terenu: 1822-1839<br \/>\nUwagi: Na mapie zaznaczono lini\u0119 kolejow\u0105 Warszawa - Petersburg, kt\u00f3r\u0105 oddano do u\u017cytku w 1862 r. (mapa musia\u0142a zosta\u0107 zaktualizowana po 1843 r.)<br \/>\nData wydania\/druku: <b>1843<\/b><br \/>\n\u0179r\u00f3d\u0142o: <a href=\\\"http:\/\/igrek.amzp.pl\/details.php?id=11764055\\\" target=\\\"_blank\\\" rel=\\\"noopener\\\">Mapster<\/a><br \/>\n<\/td>\n<\/tr>\n<tr class=\"row-2 even\">\n\t<td class=\"column-1\"><a href=\"http:\/\/wyszkowskaatlantyda.mazowsze.pl\/mapy\/1913_wyszkow.jpg\" target=\"_blank\" rel=\"noopener\"><img decoding=\"async\" src=\"http:\/\/wyszkowskaatlantyda.mazowsze.pl\/mapy\/1913_wyszkow_m.jpg\" width=480 height=auto><\/a><\/td><td class=\"column-2\">Tytu\u0142: \u0412\u043e\u0435\u043d\u043d\u043e-\u0442\u043e\u043f\u043e\u0433\u0440\u0430\u0444\u0438\u0447\u0435\u0441\u043a\u0430\u044f \u043a\u0430\u0440\u0442\u0430 \u0435\u0432\u0440\u043e\u043f\u0435\u0439\u0441\u043a\u043e\u0439 \u0420\u043e\u0441\u0441\u0438\u0438<br \/>\nArkusz: XVII \u0410 <br \/>\nSkala: 1:126 000<br \/>\nData kartowania terenu: 1875-1902<br \/>\nData wydania\/druku: <b>1913<\/b><br \/>\n\u0179r\u00f3d\u0142o: <a href=\\\"http:\/\/igrek.amzp.pl\/1763519\\\" target=\\\"_blank\\\" rel=\\\"noopener\\\">Mapster<\/a><br \/>\n<\/td>\n<\/tr>\n<tr class=\"row-3 odd\">\n\t<td class=\"column-1\"><a href=\"http:\/\/wyszkowskaatlantyda.mazowsze.pl\/mapy\/1914_wyszkow.jpg\" target=\"_blank\" rel=\"noopener\"><img decoding=\"async\" src=\"http:\/\/wyszkowskaatlantyda.mazowsze.pl\/mapy\/1914_wyszkow_m.jpg\" width=480 height=auto><\/a><\/td><td class=\"column-2\">Tytu\u0142: Kopia rosyjskiej \"tr\u00f3jwiorst\u00f3wki\"<br \/>\nArkusz: XVII A (Zakroczym-Wyszk\u00f3w)<br \/>\nSkala: 1:126 000<br \/>\nData kartowania terenu: 1865-1897 r. <br \/>\nData wydania\/druku: <b>1914?<\/b><br \/>\n\u0179r\u00f3d\u0142o: <a href=\\\"http:\/\/igrek.amzp.pl\/1761422\\\" target=\\\"_blank\\\" rel=\\\"noopener\\\">Mapster<\/a><br \/>\n<\/td>\n<\/tr>\n<tr class=\"row-4 even\">\n\t<td class=\"column-1\"><a href=\"http:\/\/wyszkowskaatlantyda.mazowsze.pl\/mapy\/1915_wyszkow_foto.jpg\" target=\"_blank\" rel=\"noopener\"><img decoding=\"async\" src=\"http:\/\/wyszkowskaatlantyda.mazowsze.pl\/mapy\/1915_wyszkow_foto.jpg\" width=480 height=auto><\/a><\/td><td class=\"column-2\">Tytu\u0142: Zdj\u0119cie lotnicze Wyszkowa<br \/>\nArkusz: -<br \/>\nSkala: -<br \/>\nData kartowania terenu: -<br \/>\nData wydania\/druku: <b>1914-1915<\/b><br \/>\nUwagi: Zdj\u0119cie sprzed sierpnia 1915 r. (wysadzenie most\u00f3w drogowego i ko\u0142owego)<br \/>\n\u0179r\u00f3d\u0142o: <a href=\\\"https:\/\/fotopolska.eu\/406080,foto.html?galeria_zdjec&amp;zakres=3&amp;wykonane_od_rok=1900&amp;wykonane_do_rok=1917\\\" target=\\\"_blank\\\" rel=\\\"noopener\\\">Fotopolska<\/a><br \/>\n<\/td>\n<\/tr>\n<tr class=\"row-5 odd\">\n\t<td class=\"column-1\"><a href=\"http:\/\/wyszkowskaatlantyda.mazowsze.pl\/mapy\/1915_wyszkow.jpg\" target=\"_blank\" rel=\"noopener\"><img decoding=\"async\" src=\"http:\/\/wyszkowskaatlantyda.mazowsze.pl\/mapy\/1915_wyszkow_m.jpg\" width=480 height=auto><\/a><\/td><td class=\"column-2\">Tytu\u0142: Karte des Westlichen Russlands<br \/>\nArkusz: J 31 Wyschkow<br \/>\nSkala: 1:100 000<br \/>\nData kartowania terenu: po 1897 r.<br \/>\nUwagi: Zaznaczona linia kolejowa Ostro\u0142\u0119ka - Pilawa oddana do u\u017cytku w 1897 r.<br \/>\nData wydania\/druku: <b>1915<\/b><br \/>\n\u0179r\u00f3d\u0142o: <a href=\\\"http:\/\/igrek.amzp.pl\/details.php?id=16692\\\" target=\\\"_blank\\\" rel=\\\"noopener\\\">Mapster<\/a><br \/>\n<\/td>\n<\/tr>\n<tr class=\"row-6 even\">\n\t<td class=\"column-1\"><a href=\"http:\/\/wyszkowskaatlantyda.mazowsze.pl\/mapy\/1925_wyszkow.jpg\" target=\"_blank\" rel=\"noopener\"><img decoding=\"async\" src=\"http:\/\/wyszkowskaatlantyda.mazowsze.pl\/mapy\/1925_wyszkow_m.jpg\" width=480 height=auto><\/a><\/td><td class=\"column-2\">Tytu\u0142: WIG - Mapa Taktyczna Polski<br \/>\nArkusz: J 31 Wyschkow<br \/>\nSkala: 1:100 000<br \/>\nData kartowania terenu: 1916?<br \/>\nData wydania\/druku: <b>1925<\/b><br \/>\n\u0179r\u00f3d\u0142o: <a href=\\\"http:\/\/igrek.amzp.pl\/details.php?id=10136\\\" target=\\\"_blank\\\" rel=\\\"noopener\\\">Mapster<\/a><br \/>\n<\/td>\n<\/tr>\n<tr class=\"row-7 odd\">\n\t<td class=\"column-1\"><a href=\"http:\/\/wyszkowskaatlantyda.mazowsze.pl\/mapy\/1884_wyszkow.jpg\" target=\"_blank\" rel=\"noopener\"><img decoding=\"async\" src=\"http:\/\/wyszkowskaatlantyda.mazowsze.pl\/mapy\/1884_wyszkow_m.jpg\" width=480 height=auto><\/a><\/td><td class=\"column-2\">Tytu\u0142: WIG - Mapa Szczeg\u00f3\u0142owa Polski<br \/>\nArkusz: P38 S33 D (3833 D) Wyszk\u00f3w<br \/>\nSkala: 1:25 000<br \/>\nData kartowania terenu: 1884?<br \/>\nUwagi: Egzemplarz albumowy<br \/>\nData wydania\/druku: <b>1933<\/b><br \/>\n\u0179r\u00f3d\u0142o: <a href=http:\/\/igrek.amzp.pl\/details.php?id=11799261>Mapster<\/a><br \/>\n<\/td>\n<\/tr>\n<tr class=\"row-8 even\">\n\t<td class=\"column-1\"><a href=\"http:\/\/wyszkowskaatlantyda.mazowsze.pl\/mapy\/1936_wyszkow.jpg\" target=\"_blank\" rel=\"noopener\"><img decoding=\"async\" src=\"http:\/\/wyszkowskaatlantyda.mazowsze.pl\/mapy\/1936_wyszkow_m.jpg\" width=480 height=auto><\/a><\/td><td class=\"column-2\">Tytu\u0142: WIG - Mapa Taktyczna Polski <br \/>\nArkusz: Pas 38 S\u0142up 33 (A38 B33) Wyszk\u00f3w<br \/>\nSkala: 1:100 000<br \/>\nData kartowania terenu: 1934-1936<br \/>\nUwagi: -<br \/>\nData wydania\/druku: <b>1936<\/b><br \/>\n\u0179r\u00f3d\u0142o: <a href=\\\"\/\/igrek.amzp.pl\/details.php?id=4259\\\" target=\\\"_blank\\\" rel=\\\"noopener\\\">Mapster<\/a><br \/>\n<\/td>\n<\/tr>\n<tr class=\"row-9 odd\">\n\t<td class=\"column-1\"><a href=\"http:\/\/wyszkowskaatlantyda.mazowsze.pl\/mapy\/1938_wyszkow.jpg\" target=\"_blank\" rel=\"noopener\"><img decoding=\"async\" src=\"http:\/\/wyszkowskaatlantyda.mazowsze.pl\/mapy\/1938_wyszkow_m.jpg\" width=480 height=auto><\/a><\/td><td class=\"column-2\">Tytu\u0142: Karte des Deutschen Reiches<br \/>\nArkusz: Gro\u00dfblatt nr 349<br \/>\nSkala: 1:100 000<br \/>\nData kartowania terenu: 1934-1936<br \/>\nUwagi: Przedruk mapy WIG wyd. w 1936 r.<br \/>\nData wydania\/druku: <b>1938<\/b><br \/>\n\u0179r\u00f3d\u0142o: <a href=\\\"http:\/\/igrek.amzp.pl\/details.php?id=6287\\\" target=\\\"_blank\\\" rel=\\\"noopener\\\">Mapster<\/a><br \/>\n<\/td>\n<\/tr>\n<tr class=\"row-10 even\">\n\t<td class=\"column-1\"><a href=\"http:\/\/wyszkowskaatlantyda.mazowsze.pl\/mapy\/1940_wyszkow.jpg\" target=\"_blank\" rel=\"noopener\"><img decoding=\"async\" src=\"http:\/\/wyszkowskaatlantyda.mazowsze.pl\/mapy\/1940_wyszkow_m.jpg\" width=480 height=auto><\/a><\/td><td class=\"column-2\">Tytu\u0142: WIG - Mapa Szczeg\u00f3\u0142owa Polski <br \/>\nArkusz: 38\/33 Wyszk\u00f3w<br \/>\nSkala: 1:25 000<br \/>\nData kartowania terenu: b. d.<br \/>\nUwagi: Przedruk mapy WIG wyd. w 1934 r.<br \/>\nData wydania\/druku: <b>1940<\/b><br \/>\n\u0179r\u00f3d\u0142o: <a href=\\\"http:\/\/igrek.amzp.pl\/11799261\\\" target=\\\"_blank\\\" rel=\\\"noopener\\\">Mapster<\/a><br \/>\n<\/td>\n<\/tr>\n<tr class=\"row-11 odd\">\n\t<td class=\"column-1\"><a href=\"http:\/\/wyszkowskaatlantyda.mazowsze.pl\/mapy\/1940_2_wyszkow.jpg\" target=\"_blank\" rel=\"noopener\"><img decoding=\"async\" src=\"http:\/\/wyszkowskaatlantyda.mazowsze.pl\/mapy\/1940_2_wyszkow_m.jpg\" width=480 height=auto><\/a><\/td><td class=\"column-2\">Tytu\u0142: Karte des Deutschen Reiches<br \/>\nArkusz: 38\/33 Wyszk\u00f3w<br \/>\nSkala: 1:100 000<br \/>\nData kartowania terenu: 1934-1936<br \/>\nUwagi: Przedruk mapy WIG wyd. w 1936 r.<br \/>\nData wydania\/druku: <b>1940<\/b><br \/>\n\u0179r\u00f3d\u0142o: <a href=\\\"http:\/\/igrek.amzp.pl\/11768306\\\" target=\\\"_blank\\\" rel=\\\"noopener\\\">Mapster<\/a><br \/>\n<\/td>\n<\/tr>\n<tr class=\"row-12 even\">\n\t<td class=\"column-1\"><a href=\"http:\/\/wyszkowskaatlantyda.mazowsze.pl\/mapy\/1941_wyszkow.jpg\" target=\"_blank\" rel=\"noopener\"><img decoding=\"async\" src=\"http:\/\/wyszkowskaatlantyda.mazowsze.pl\/mapy\/1941_wyszkow_m.jpg\" width=480 height=auto><\/a><\/td><td class=\"column-2\">Tytu\u0142: \u0413\u0435\u043d\u0435\u0440\u0430\u043b\u044c\u043d\u044b\u0439 \u0428\u0442\u0430\u0431 \u0420\u0430\u0431\u043e\u0447\u0435-\u041a\u0440\u0435\u0441\u0442\u044c\u044f\u043d\u0441\u043a\u043e\u0439 \u041a\u0440\u0430\u0441\u043d\u043e\u0439 \u0410\u0440\u043c\u0438\u0438<br \/>\nArkusz: N-34-127-\u0411 (N-34-127-B) \u0412\u044b\u0448\u043a\u043e\u0432<br \/>\nSkala: 1:50 000<br \/>\nData kartowania terenu: 1884-1934?<br \/>\nUwagi: Po\u0142\u0105czenie kilku map z lat 1884-1934<br \/>\nData wydania\/druku: <b>1941<\/b><br \/>\n\u0179r\u00f3d\u0142o: <a href=\\\"http:\/\/igrek.amzp.pl\/details.php?id=1757922\\\" target=\\\"_blank\\\" rel=\\\"noopener\\\">Mapster<\/a><br \/>\n<\/td>\n<\/tr>\n<tr class=\"row-13 odd\">\n\t<td class=\"column-1\"><a href=\"http:\/\/wyszkowskaatlantyda.mazowsze.pl\/mapy\/1942_wyszkow.jpg\" target=\"_blank\" rel=\"noopener\"><img decoding=\"async\" src=\"http:\/\/wyszkowskaatlantyda.mazowsze.pl\/mapy\/1942_wyszkow_m.jpg\" width=480 height=auto><\/a><\/td><td class=\"column-2\">Tytu\u0142: WIG - Mapa Taktyczna Polski<br \/>\nArkusz: P38 S33 (A38 B33)<br \/>\nSkala: 1:100 000<br \/>\nData kartowania terenu: 1934-1936<br \/>\nUwagi: Wydanie konspiracyjne ze Szkocji (Edynburg)<br \/>\nData wydania\/druku: <b>1942<\/b><br \/>\n\u0179r\u00f3d\u0142o: <a href=\\\"http:\/\/igrek.amzp.pl\/details.php?id=11776883\\\" target=\\\"_blank\\\" rel=\\\"noopener\\\">Mapster<\/a><br \/>\n<\/td>\n<\/tr>\n<tr class=\"row-14 even\">\n\t<td class=\"column-1\"><a href=\"http:\/\/wyszkowskaatlantyda.mazowsze.pl\/mapy\/1944_wyszkow.jpg\" target=\"_blank\" rel=\"noopener\"><img decoding=\"async\" src=\"http:\/\/wyszkowskaatlantyda.mazowsze.pl\/mapy\/1944_wyszkow_m.jpg\" width=480 height=auto><\/a><\/td><td class=\"column-2\">Tytu\u0142: G.S.G.S. 4416 (Germany and Central Europe) \/ AMS (Army Map Service) M641, 651, 671<br \/>\nArkusz: N16 Wyszk\u00f3w<br \/>\nSkala: 1:100 000<br \/>\nData kartowania terenu: 1944<br \/>\nUwagi: Mapa aliancka<br \/>\nData wydania\/druku: <b>1944<\/b><br \/>\n\u0179r\u00f3d\u0142o: <a href=\\\"http:\/\/igrek.amzp.pl\/12679\\\" target=\\\"_blank\\\" rel=\\\"noopener\\\">Mapster<\/a><br \/>\n<\/td>\n<\/tr>\n<tr class=\"row-15 odd\">\n\t<td class=\"column-1\"><a href=\"http:\/\/wyszkowskaatlantyda.mazowsze.pl\/mapy\/1944_wyszkow_foto.jpg\" target=\"_blank\" rel=\"noopener\"><img decoding=\"async\" src=\"http:\/\/wyszkowskaatlantyda.mazowsze.pl\/mapy\/1944_wyszkow_foto_m.jpg\" width=480 height=auto><\/a><\/td><td class=\"column-2\">Tytu\u0142: Zdj\u0119cie lotnicze Wyszkowa ze szczeg\u00f3lnym uwzgl\u0119dnieniem infrastruktury kolejowej<br \/>\nArkusz: -<br \/>\nSkala: -<br \/>\nData kartowania terenu: -<br \/>\nUwagi: -<br \/>\nData wydania\/druku: <b>25.08.1944<\/b><br \/>\n\u0179r\u00f3d\u0142o: <a href=\\\"https:\/\/jcarlcalvin.wixsite.com\/wwii-photos-maps\\\" target=\\\"_blank\\\" rel=\\\"noopener\\\">WWII Aerial Photos and Maps<br \/>\n<\/a><br \/>\n<\/td>\n<\/tr>\n<tr class=\"row-16 even\">\n\t<td class=\"column-1\"><a href=\"http:\/\/wyszkowskaatlantyda.mazowsze.pl\/mapy\/wyszkow_tulewo_1944.jpg\" target=\"_blank\" rel=\"noopener\"><img decoding=\"async\" src=\"http:\/\/wyszkowskaatlantyda.mazowsze.pl\/mapy\/wyszkow_tulewo_1944_m.jpg\" width=480 height=auto><\/a><\/td><td class=\"column-2\">Tytu\u0142: Zdj\u0119cie lotnicze lotniska polowego w Tulewie k. Wyszkowa.<br \/>\nArkusz: -<br \/>\nSkala: -<br \/>\nData kartowania terenu: -<br \/>\nUwagi: -<br \/>\nData wydania\/druku: <b>27.10.1944<\/b><br \/>\n\u0179r\u00f3d\u0142o: <a href=\\\"https:\/\/jcarlcalvin.wixsite.com\/wwii-photos-maps\\\" target=\\\"_blank\\\" rel=\\\"noopener\\\">WWII Aerial Photos and Maps<br \/>\n<\/a><br \/>\n<\/td>\n<\/tr>\n<tr class=\"row-17 odd\">\n\t<td class=\"column-1\"><a href=\"http:\/\/wyszkowskaatlantyda.mazowsze.pl\/wp-content\/uploads\/2021\/08\/wyszkow_01-scaled.jpg\" target=\"_blank\" rel=\"noopener\"><img decoding=\"async\" src=\"http:\/\/wyszkowskaatlantyda.mazowsze.pl\/wp-content\/uploads\/2021\/08\/wyszkow_01-scaled.jpg\" width=480 height=auto><\/a><\/td><td class=\"column-2\">Tytu\u0142: Zdj\u0119cie lotnicze Wyszkowa<br \/>\nArkusz: -<br \/>\nSkala: -<br \/>\nData kartowania terenu: -<br \/>\nUwagi: -<br \/>\nData wydania\/druku: <b>1938<\/b><br \/>\n\u0179r\u00f3d\u0142o: \"Architektura i Budownictwo\" 1938, nr 1.<br \/>\n<\/td>\n<\/tr>\n<\/tbody>\n<\/table>\n<!-- #tablepress-3 from cache -->\n","protected":false},"excerpt":{"rendered":"","protected":false},"author":1,"featured_media":0,"parent":0,"menu_order":0,"comment_status":"closed","ping_status":"closed","template":"","meta":{"footnotes":""},"_links":{"self":[{"href":"https:\/\/wyszkowskaatlantyda.mazowsze.pl\/index.php\/wp-json\/wp\/v2\/pages\/1555"}],"collection":[{"href":"https:\/\/wyszkowskaatlantyda.mazowsze.pl\/index.php\/wp-json\/wp\/v2\/pages"}],"about":[{"href":"https:\/\/wyszkowskaatlantyda.mazowsze.pl\/index.php\/wp-json\/wp\/v2\/types\/page"}],"author":[{"embeddable":true,"href":"https:\/\/wyszkowskaatlantyda.mazowsze.pl\/index.php\/wp-json\/wp\/v2\/users\/1"}],"replies":[{"embeddable":true,"href":"https:\/\/wyszkowskaatlantyda.mazowsze.pl\/index.php\/wp-json\/wp\/v2\/comments?post=1555"}],"version-history":[{"count":6,"href":"https:\/\/wyszkowskaatlantyda.mazowsze.pl\/index.php\/wp-json\/wp\/v2\/pages\/1555\/revisions"}],"predecessor-version":[{"id":1897,"href":"https:\/\/wyszkowskaatlantyda.mazowsze.pl\/index.php\/wp-json\/wp\/v2\/pages\/1555\/revisions\/1897"}],"wp:attachment":[{"href":"https:\/\/wyszkowskaatlantyda.mazowsze.pl\/index.php\/wp-json\/wp\/v2\/media?parent=1555"}],"curies":[{"name":"wp","href":"https:\/\/api.w.org\/{rel}","templated":true}]}}